{"id":7,"date":"2026-03-02T22:06:59","date_gmt":"2026-03-02T21:06:59","guid":{"rendered":"https:\/\/dodoklub.pl\/?page_id=7"},"modified":"2026-03-02T22:08:51","modified_gmt":"2026-03-02T21:08:51","slug":"elementor-7","status":"publish","type":"page","link":"https:\/\/dodoklub.pl\/","title":{"rendered":"Elementor #7"},"content":{"rendered":"\t\t<div data-elementor-type=\"wp-post\" data-elementor-id=\"7\" class=\"elementor elementor-7\">\n\t\t\t\t<div class=\"elementor-element elementor-element-e78fa7f e-flex e-con-boxed e-con e-parent\" data-id=\"e78fa7f\" data-element_type=\"container\" data-e-type=\"container\">\n\t\t\t\t\t<div class=\"e-con-inner\">\n\t\t\t\t<div class=\"elementor-element elementor-element-d6a62af elementor-widget elementor-widget-html\" data-id=\"d6a62af\" data-element_type=\"widget\" data-e-type=\"widget\" data-widget_type=\"html.default\">\n\t\t\t\t\t<!DOCTYPE html>\n<html lang=\"pl\">\n<head>\n<meta charset=\"UTF-8\">\n<meta name=\"viewport\" content=\"width=device-width, initial-scale=1.0\">\n\n<title>Dodo Klub \u2192 NudziMiSi\u0119 Kids<\/title>\n<meta name=\"description\" content=\"Dodo Klub zmieni\u0142 si\u0119 w NudziMiSi\u0119 Kids. Zapraszamy do nowej sali zabaw!\">\n<meta http-equiv=\"refresh\" content=\"4; url=https:\/\/nudzimisiekids.pl\">\n\n<style>\n    body {\n        margin: 0;\n        padding: 0;\n        font-family: \"Segoe UI\", Arial, sans-serif;\n        background: linear-gradient(135deg, #fff8f2, #fef6ff);\n        display: flex;\n        justify-content: center;\n        align-items: center;\n        height: 100vh;\n        text-align: center;\n        color: #444;\n    }\n\n    .wrapper {\n        max-width: 500px;\n        padding: 30px;\n    }\n\n    .logo {\n        width: 220px;\n        margin-bottom: 25px;\n        animation: float 3s ease-in-out infinite;\n    }\n\n    @keyframes float {\n        0% { transform: translateY(0px); }\n        50% { transform: translateY(-10px); }\n        100% { transform: translateY(0px); }\n    }\n\n    h1 {\n        font-size: 22px;\n        font-weight: 600;\n        margin-bottom: 15px;\n    }\n\n    p {\n        font-size: 16px;\n        margin-bottom: 25px;\n        line-height: 1.5;\n    }\n\n    .btn {\n        display: inline-block;\n        padding: 12px 28px;\n        background-color: #ffb347;\n        color: #fff;\n        text-decoration: none;\n        border-radius: 30px;\n        font-weight: 600;\n        transition: all 0.3s ease;\n    }\n\n    .btn:hover {\n        background-color: #ff9f1c;\n        transform: scale(1.05);\n    }\n\n    .note {\n        margin-top: 18px;\n        font-size: 13px;\n        color: #888;\n    }\n<\/style>\n<\/head>\n\n<body>\n\n<div class=\"wrapper\">\n\n    <img decoding=\"async\" src=\"https:\/\/nudzimisiekids.pl\/wp-content\/uploads\/2026\/01\/Sala-Zabaw-log-1-e1768998586203.png\" alt=\"NudziMiSi\u0119 Kids\" class=\"logo\">\n\n    <h1>Dodo Klub rozpocz\u0105\u0142 nowy rozdzia\u0142<\/h1>\n\n    <p>\n        Dawna bawialnia zosta\u0142a zast\u0105piona now\u0105, jeszcze bardziej kolorow\u0105 przestrzeni\u0105 dla dzieci.\n        Zapraszamy do odwiedzenia naszej nowej strony.\n    <\/p>\n\n    <a href=\"https:\/\/nudzimisiekids.pl\" class=\"btn\">Przejd\u017a do NudziMiSi\u0119 Kids<\/a>\n\n    <div class=\"note\">\n        Za chwil\u0119 nast\u0105pi automatyczne przekierowanie.\n    <\/div>\n\n<\/div>\n\n<\/body>\n<\/html>\t\t\t\t<\/div>\n\t\t\t\t\t<\/div>\n\t\t\t\t<\/div>\n\t\t\t\t<\/div>\n\t\t","protected":false},"excerpt":{"rendered":"<p>Dodo Klub \u2192 NudziMiSi\u0119 Kids Dodo Klub rozpocz\u0105\u0142 nowy rozdzia\u0142 Dawna bawialnia zosta\u0142a zast\u0105piona now\u0105, jeszcze bardziej kolorow\u0105 przestrzeni\u0105 dla dzieci. Zapraszamy do odwiedzenia naszej nowej strony. Przejd\u017a do NudziMiSi\u0119 Kids Za chwil\u0119 nast\u0105pi automatyczne przekierowanie.<\/p>\n","protected":false},"author":1,"featured_media":0,"parent":0,"menu_order":0,"comment_status":"closed","ping_status":"closed","template":"elementor_canvas","meta":{"footnotes":""},"class_list":["post-7","page","type-page","status-publish","hentry"],"_links":{"self":[{"href":"https:\/\/dodoklub.pl\/index.php?rest_route=\/wp\/v2\/pages\/7","targetHints":{"allow":["GET"]}}],"collection":[{"href":"https:\/\/dodoklub.pl\/index.php?rest_route=\/wp\/v2\/pages"}],"about":[{"href":"https:\/\/dodoklub.pl\/index.php?rest_route=\/wp\/v2\/types\/page"}],"author":[{"embeddable":true,"href":"https:\/\/dodoklub.pl\/index.php?rest_route=\/wp\/v2\/users\/1"}],"replies":[{"embeddable":true,"href":"https:\/\/dodoklub.pl\/index.php?rest_route=%2Fwp%2Fv2%2Fcomments&post=7"}],"version-history":[{"count":4,"href":"https:\/\/dodoklub.pl\/index.php?rest_route=\/wp\/v2\/pages\/7\/revisions"}],"predecessor-version":[{"id":11,"href":"https:\/\/dodoklub.pl\/index.php?rest_route=\/wp\/v2\/pages\/7\/revisions\/11"}],"wp:attachment":[{"href":"https:\/\/dodoklub.pl\/index.php?rest_route=%2Fwp%2Fv2%2Fmedia&parent=7"}],"curies":[{"name":"wp","href":"https:\/\/api.w.org\/{rel}","templated":true}]}}